{"id":14352,"date":"2026-02-22T09:07:28","date_gmt":"2026-02-22T15:07:28","guid":{"rendered":"https:\/\/groomluxuryvetcr.com\/?post_type=product&#038;p=14352"},"modified":"2026-02-22T09:11:17","modified_gmt":"2026-02-22T15:11:17","slug":"natural-select-salsa-de-pollo-375-ml","status":"publish","type":"product","link":"https:\/\/groomluxuryvetcr.com\/en\/product\/natural-select-salsa-de-pollo-375-ml\/","title":{"rendered":"NATURAL SELECT SALSA DE POLLO 375 ML"},"content":{"rendered":"<p data-start=\"258\" data-end=\"516\">SALSA NATURAL SELECT es una deliciosa salsa dise\u00f1ada para humedecer el alimento seco, mejorando su textura, sabor y aroma, lo que facilita el consumo y favorece la adaptaci\u00f3n a la comida seca.<\/p>\n<p data-start=\"258\" data-end=\"516\">Su f\u00f3rmula, elaborada con ingredientes naturales de alta calidad, aporta fibra que contribuye a mejorar el tr\u00e1nsito intestinal y promueve una adecuada salud digestiva en tu mascota. Adem\u00e1s, contiene vitaminas y minerales que complementan su nutrici\u00f3n diaria.<\/p>\n<p data-start=\"518\" data-end=\"545\"><strong data-start=\"518\" data-end=\"545\">Beneficios principales:<\/strong><\/p>\n<ul data-start=\"546\" data-end=\"752\">\n<li data-start=\"546\" data-end=\"594\">\n<p data-start=\"548\" data-end=\"594\">\u2714 Mejora la palatabilidad del alimento seco.<\/p>\n<\/li>\n<li data-start=\"595\" data-end=\"633\">\n<p data-start=\"597\" data-end=\"633\">\u2714 Favorece el tr\u00e1nsito intestinal.<\/p>\n<\/li>\n<li data-start=\"634\" data-end=\"667\">\n<p data-start=\"636\" data-end=\"667\">\u2714 Con ingredientes naturales.<\/p>\n<\/li>\n<li data-start=\"668\" data-end=\"703\">\n<p data-start=\"670\" data-end=\"703\">\u2714 Aporta vitaminas y minerales.<\/p>\n<\/li>\n<li data-start=\"704\" data-end=\"752\">\n<p data-start=\"706\" data-end=\"752\">\u2714 Deliciosos sabores: Carne y Pollo.<\/p>\n<\/li>\n<\/ul>\n<p data-start=\"754\" data-end=\"846\" data-is-last-node=\"\" data-is-only-node=\"\">Ideal como complemento para estimular el apetito y apoyar la salud digestiva de tu perro. \ud83d\udc3e<\/p>","protected":false},"excerpt":{"rendered":"<p>SALSA NATURAL SELECT es una deliciosa salsa dise\u00f1ada para humedecer el alimento seco, mejorando su textura, sabor y aroma, lo que facilita el consumo y favorece la adaptaci\u00f3n a la comida seca. Su f\u00f3rmula, elaborada con ingredientes naturales de alta calidad, aporta fibra que contribuye a mejorar el tr\u00e1nsito intestinal y promueve una adecuada salud [&hellip;]<\/p>\n","protected":false},"featured_media":14355,"comment_status":"open","ping_status":"closed","template":"","meta":{"content-type":""},"product_brand":[160],"product_cat":[54],"product_tag":[],"class_list":{"0":"post-14352","1":"product","2":"type-product","3":"status-publish","4":"has-post-thumbnail","6":"product_brand-natural-select","7":"product_cat-alimentos-general","9":"first","10":"instock","11":"taxable","12":"shipping-taxable","13":"purchasable","14":"product-type-simple"},"_links":{"self":[{"href":"https:\/\/groomluxuryvetcr.com\/en\/wp-json\/wp\/v2\/product\/14352","targetHints":{"allow":["GET"]}}],"collection":[{"href":"https:\/\/groomluxuryvetcr.com\/en\/wp-json\/wp\/v2\/product"}],"about":[{"href":"https:\/\/groomluxuryvetcr.com\/en\/wp-json\/wp\/v2\/types\/product"}],"replies":[{"embeddable":true,"href":"https:\/\/groomluxuryvetcr.com\/en\/wp-json\/wp\/v2\/comments?post=14352"}],"version-history":[{"count":1,"href":"https:\/\/groomluxuryvetcr.com\/en\/wp-json\/wp\/v2\/product\/14352\/revisions"}],"predecessor-version":[{"id":14354,"href":"https:\/\/groomluxuryvetcr.com\/en\/wp-json\/wp\/v2\/product\/14352\/revisions\/14354"}],"wp:featuredmedia":[{"embeddable":true,"href":"https:\/\/groomluxuryvetcr.com\/en\/wp-json\/wp\/v2\/media\/14355"}],"wp:attachment":[{"href":"https:\/\/groomluxuryvetcr.com\/en\/wp-json\/wp\/v2\/media?parent=14352"}],"wp:term":[{"taxonomy":"product_brand","embeddable":true,"href":"https:\/\/groomluxuryvetcr.com\/en\/wp-json\/wp\/v2\/product_brand?post=14352"},{"taxonomy":"product_cat","embeddable":true,"href":"https:\/\/groomluxuryvetcr.com\/en\/wp-json\/wp\/v2\/product_cat?post=14352"},{"taxonomy":"product_tag","embeddable":true,"href":"https:\/\/groomluxuryvetcr.com\/en\/wp-json\/wp\/v2\/product_tag?post=14352"}],"curies":[{"name":"wp","href":"https:\/\/api.w.org\/{rel}","templated":true}]}}