{"id":14361,"date":"2026-02-22T09:51:03","date_gmt":"2026-02-22T15:51:03","guid":{"rendered":"https:\/\/groomluxuryvetcr.com\/?post_type=product&#038;p=14361"},"modified":"2026-02-22T09:51:04","modified_gmt":"2026-02-22T15:51:04","slug":"hypoalergenico-fish-potato-lata-perro-vet-life-300gr","status":"publish","type":"product","link":"https:\/\/groomluxuryvetcr.com\/en\/product\/hypoalergenico-fish-potato-lata-perro-vet-life-300gr\/","title":{"rendered":"HYPOALERGENICO FISH POTATO LATA PERRO VET LIFE 300GR"},"content":{"rendered":"<p>Farmina Vet Life Hypoallergenic Fish &amp; Potato es un alimento h\u00famedo de prescripci\u00f3n veterinaria, formulado para perros con intolerancias alimentarias, alergias o atopia. Utiliza pescado como \u00fanica fuente de prote\u00edna animal, ayudando a reducir reacciones adversas a los nutrientes.<\/p>\n<p>Beneficios principales:<\/p>\n<p>\u2714 Reduce signos asociados a alergias alimentarias.<\/p>\n<p>\u2714 Apoya la salud de piel, o\u00eddos y sacos anales.<\/p>\n<p>\u2714 Alta digestibilidad para m\u00e1ximo aprovechamiento nutricional.<\/p>\n<p>\u2714 Rico en Omega-3 (EPA y DHA) que fortalecen la barrera cut\u00e1nea y ayudan a disminuir la inflamaci\u00f3n.<\/p>\n<p>Ingredientes clave:<\/p>\n<p>Prote\u00edna: pescado (trucha y sardinas 28%) y prote\u00edna de pescado hidrolizada.<\/p>\n<p>Carbohidratos: batata\/papa (12%) y extractos de semillas de quinoa.<\/p>\n<p>Grasas: aceite de pescado.<\/p>\n<p>Periodo de uso: generalmente de 3 a 8 semanas; si los s\u00edntomas desaparecen, puede administrarse de forma prolongada bajo supervisi\u00f3n veterinaria.<\/p>\n<p>Producto de uso veterinario. Administrar seg\u00fan indicaci\u00f3n profesional. \ud83d\udc3e<\/p>","protected":false},"excerpt":{"rendered":"<p>Farmina Vet Life Hypoallergenic Fish &amp; Potato es un alimento h\u00famedo de prescripci\u00f3n veterinaria, formulado para perros con intolerancias alimentarias, alergias o atopia. Utiliza pescado como \u00fanica fuente de prote\u00edna animal, ayudando a reducir reacciones adversas a los nutrientes. Beneficios principales: \u2714 Reduce signos asociados a alergias alimentarias. \u2714 Apoya la salud de piel, o\u00eddos [&hellip;]<\/p>\n","protected":false},"featured_media":14362,"comment_status":"open","ping_status":"closed","template":"","meta":{"content-type":""},"product_brand":[161],"product_cat":[54],"product_tag":[],"class_list":{"0":"post-14361","1":"product","2":"type-product","3":"status-publish","4":"has-post-thumbnail","6":"product_brand-vet-life","7":"product_cat-alimentos-general","9":"first","10":"instock","11":"taxable","12":"shipping-taxable","13":"purchasable","14":"product-type-simple"},"_links":{"self":[{"href":"https:\/\/groomluxuryvetcr.com\/en\/wp-json\/wp\/v2\/product\/14361","targetHints":{"allow":["GET"]}}],"collection":[{"href":"https:\/\/groomluxuryvetcr.com\/en\/wp-json\/wp\/v2\/product"}],"about":[{"href":"https:\/\/groomluxuryvetcr.com\/en\/wp-json\/wp\/v2\/types\/product"}],"replies":[{"embeddable":true,"href":"https:\/\/groomluxuryvetcr.com\/en\/wp-json\/wp\/v2\/comments?post=14361"}],"version-history":[{"count":1,"href":"https:\/\/groomluxuryvetcr.com\/en\/wp-json\/wp\/v2\/product\/14361\/revisions"}],"predecessor-version":[{"id":14363,"href":"https:\/\/groomluxuryvetcr.com\/en\/wp-json\/wp\/v2\/product\/14361\/revisions\/14363"}],"wp:featuredmedia":[{"embeddable":true,"href":"https:\/\/groomluxuryvetcr.com\/en\/wp-json\/wp\/v2\/media\/14362"}],"wp:attachment":[{"href":"https:\/\/groomluxuryvetcr.com\/en\/wp-json\/wp\/v2\/media?parent=14361"}],"wp:term":[{"taxonomy":"product_brand","embeddable":true,"href":"https:\/\/groomluxuryvetcr.com\/en\/wp-json\/wp\/v2\/product_brand?post=14361"},{"taxonomy":"product_cat","embeddable":true,"href":"https:\/\/groomluxuryvetcr.com\/en\/wp-json\/wp\/v2\/product_cat?post=14361"},{"taxonomy":"product_tag","embeddable":true,"href":"https:\/\/groomluxuryvetcr.com\/en\/wp-json\/wp\/v2\/product_tag?post=14361"}],"curies":[{"name":"wp","href":"https:\/\/api.w.org\/{rel}","templated":true}]}}