{"id":14364,"date":"2026-02-22T10:06:18","date_gmt":"2026-02-22T16:06:18","guid":{"rendered":"https:\/\/groomluxuryvetcr.com\/?post_type=product&#038;p=14364"},"modified":"2026-02-22T10:06:19","modified_gmt":"2026-02-22T16:06:19","slug":"hypoalergenico-duck-potato-lata-perro-vet-life-300gr","status":"publish","type":"product","link":"https:\/\/groomluxuryvetcr.com\/en\/product\/hypoalergenico-duck-potato-lata-perro-vet-life-300gr\/","title":{"rendered":"HYPOALERGENICO DUCK POTATO LATA PERRO VET LIFE 300GR"},"content":{"rendered":"<article class=\"text-token-text-primary w-full focus:outline-none [--shadow-height:45px] has-data-writing-block:pointer-events-none has-data-writing-block:-mt-(--shadow-height) has-data-writing-block:pt-(--shadow-height) [&amp;:has([data-writing-block])&gt;*]:pointer-events-auto scroll-mt-(--header-height)\" dir=\"auto\" tabindex=\"-1\" data-turn-id=\"9db17c53-048b-4c9d-aa4c-2044e32f01cf\" data-testid=\"conversation-turn-11\" data-scroll-anchor=\"false\" data-turn=\"user\"><\/article>\n<article class=\"text-token-text-primary w-full focus:outline-none [--shadow-height:45px] has-data-writing-block:pointer-events-none has-data-writing-block:-mt-(--shadow-height) has-data-writing-block:pt-(--shadow-height) [&amp;:has([data-writing-block])&gt;*]:pointer-events-auto scroll-mt-[calc(var(--header-height)+min(200px,max(70px,20svh)))]\" dir=\"auto\" tabindex=\"-1\" data-turn-id=\"request-WEB:153d79db-5503-4a9b-8965-66d6a2c2c21c-5\" data-testid=\"conversation-turn-12\" data-scroll-anchor=\"true\" data-turn=\"assistant\">\n<div class=\"text-base my-auto mx-auto pb-10 [--thread-content-margin:--spacing(4)] @w-sm\/main:[--thread-content-margin:--spacing(6)] @w-lg\/main:[--thread-content-margin:--spacing(16)] px-(--thread-content-margin)\">\n<div class=\"[--thread-content-max-width:40rem] @w-lg\/main:[--thread-content-max-width:48rem] mx-auto max-w-(--thread-content-max-width) flex-1 group\/turn-messages focus-visible:outline-hidden relative flex w-full min-w-0 flex-col agent-turn\" tabindex=\"-1\">\n<div class=\"flex max-w-full flex-col grow\">\n<div class=\"min-h-8 text-message relative flex w-full flex-col items-end gap-2 text-start break-words whitespace-normal [.text-message+&amp;]:mt-1\" dir=\"auto\" data-message-author-role=\"assistant\" data-message-id=\"1558b706-e6bc-4309-a4c1-cbbd5e79f331\" data-message-model-slug=\"gpt-5-2\">\n<div class=\"flex w-full flex-col gap-1 empty:hidden first:pt-[1px]\">\n<div class=\"markdown prose dark:prose-invert w-full wrap-break-word dark markdown-new-styling\">\n<p data-start=\"97\" data-end=\"397\"><span class=\"hover:entity-accent entity-underline inline cursor-pointer align-baseline\"><span class=\"whitespace-normal\">Farmina Vet Life<\/span><\/span> Hypoallergenic Duck &amp; Potato es un alimento h\u00famedo completo de uso veterinario, formulado para perros con intolerancias alimentarias, alergias o atopia. Ideal como dieta de exclusi\u00f3n y como soporte dermatol\u00f3gico en casos de dermatitis o p\u00e9rdida excesiva de pelo.<\/p>\n<p data-start=\"399\" data-end=\"426\"><strong data-start=\"399\" data-end=\"426\">Beneficios principales:<\/strong><\/p>\n<ul data-start=\"427\" data-end=\"835\">\n<li data-start=\"427\" data-end=\"551\">\n<p data-start=\"429\" data-end=\"551\">\u2714 <strong data-start=\"431\" data-end=\"450\">Prote\u00edna novel:<\/strong> carne de pato (40%) como fuente principal, menos com\u00fan y con menor riesgo de reacciones al\u00e9rgicas.<\/p>\n<\/li>\n<li data-start=\"552\" data-end=\"678\">\n<p data-start=\"554\" data-end=\"678\">\u2714 <strong data-start=\"556\" data-end=\"574\">Salud cut\u00e1nea:<\/strong> enriquecido con Omega-3 y Omega-6 que ayudan a reducir la inflamaci\u00f3n y mejorar el brillo del pelaje.<\/p>\n<\/li>\n<li data-start=\"679\" data-end=\"754\">\n<p data-start=\"681\" data-end=\"754\">\u2714 <strong data-start=\"683\" data-end=\"707\">Alta digestibilidad:<\/strong> adecuado para sistemas digestivos sensibles.<\/p>\n<\/li>\n<li data-start=\"755\" data-end=\"835\">\n<p data-start=\"757\" data-end=\"835\">\u2714 <strong data-start=\"759\" data-end=\"790\">Sin cereales tradicionales:<\/strong> utiliza patata como fuente de carbohidratos.<\/p>\n<\/li>\n<\/ul>\n<p data-start=\"837\" data-end=\"865\"><strong data-start=\"837\" data-end=\"865\">Composici\u00f3n nutricional:<\/strong><\/p>\n<ul data-start=\"866\" data-end=\"1020\">\n<li data-start=\"866\" data-end=\"891\">\n<p data-start=\"868\" data-end=\"891\">Prote\u00edna bruta: 9.50%<\/p>\n<\/li>\n<li data-start=\"892\" data-end=\"914\">\n<p data-start=\"894\" data-end=\"914\">Grasa bruta: 8.40%<\/p>\n<\/li>\n<li data-start=\"915\" data-end=\"934\">\n<p data-start=\"917\" data-end=\"934\">Humedad: 76.00%<\/p>\n<\/li>\n<li data-start=\"935\" data-end=\"957\">\n<p data-start=\"937\" data-end=\"957\">Fibra bruta: 0.20%<\/p>\n<\/li>\n<li data-start=\"958\" data-end=\"1020\">\n<p data-start=\"960\" data-end=\"1020\">Incluye prote\u00edna de pescado hidrolizada y aceite de pescado.<\/p>\n<\/li>\n<\/ul>\n<p data-start=\"1022\" data-end=\"1095\" data-is-last-node=\"\" data-is-only-node=\"\">Periodo de uso seg\u00fan indicaci\u00f3n veterinaria.<\/p>\n<\/div>\n<\/div>\n<\/div>\n<\/div>\n<\/div>\n<\/div>\n<\/article>\n","protected":false},"excerpt":{"rendered":"<p>Farmina Vet Life Hypoallergenic Duck &amp; Potato es un alimento h\u00famedo completo de uso veterinario, formulado para perros con intolerancias alimentarias, alergias o atopia. Ideal como dieta de exclusi\u00f3n y como soporte dermatol\u00f3gico en casos de dermatitis o p\u00e9rdida excesiva de pelo. Beneficios principales: \u2714 Prote\u00edna novel: carne de pato (40%) como fuente principal, menos [&hellip;]<\/p>\n","protected":false},"featured_media":14366,"comment_status":"open","ping_status":"closed","template":"","meta":{"content-type":""},"product_brand":[161],"product_cat":[54],"product_tag":[],"class_list":{"0":"post-14364","1":"product","2":"type-product","3":"status-publish","4":"has-post-thumbnail","6":"product_brand-vet-life","7":"product_cat-alimentos-general","9":"first","10":"instock","11":"taxable","12":"shipping-taxable","13":"purchasable","14":"product-type-simple"},"_links":{"self":[{"href":"https:\/\/groomluxuryvetcr.com\/en\/wp-json\/wp\/v2\/product\/14364","targetHints":{"allow":["GET"]}}],"collection":[{"href":"https:\/\/groomluxuryvetcr.com\/en\/wp-json\/wp\/v2\/product"}],"about":[{"href":"https:\/\/groomluxuryvetcr.com\/en\/wp-json\/wp\/v2\/types\/product"}],"replies":[{"embeddable":true,"href":"https:\/\/groomluxuryvetcr.com\/en\/wp-json\/wp\/v2\/comments?post=14364"}],"version-history":[{"count":1,"href":"https:\/\/groomluxuryvetcr.com\/en\/wp-json\/wp\/v2\/product\/14364\/revisions"}],"predecessor-version":[{"id":14367,"href":"https:\/\/groomluxuryvetcr.com\/en\/wp-json\/wp\/v2\/product\/14364\/revisions\/14367"}],"wp:featuredmedia":[{"embeddable":true,"href":"https:\/\/groomluxuryvetcr.com\/en\/wp-json\/wp\/v2\/media\/14366"}],"wp:attachment":[{"href":"https:\/\/groomluxuryvetcr.com\/en\/wp-json\/wp\/v2\/media?parent=14364"}],"wp:term":[{"taxonomy":"product_brand","embeddable":true,"href":"https:\/\/groomluxuryvetcr.com\/en\/wp-json\/wp\/v2\/product_brand?post=14364"},{"taxonomy":"product_cat","embeddable":true,"href":"https:\/\/groomluxuryvetcr.com\/en\/wp-json\/wp\/v2\/product_cat?post=14364"},{"taxonomy":"product_tag","embeddable":true,"href":"https:\/\/groomluxuryvetcr.com\/en\/wp-json\/wp\/v2\/product_tag?post=14364"}],"curies":[{"name":"wp","href":"https:\/\/api.w.org\/{rel}","templated":true}]}}