{"id":14410,"date":"2026-03-21T09:43:48","date_gmt":"2026-03-21T15:43:48","guid":{"rendered":"https:\/\/groomluxuryvetcr.com\/?post_type=product&#038;p=14410"},"modified":"2026-03-21T09:43:49","modified_gmt":"2026-03-21T15:43:49","slug":"vet-life-ultrahypo-canine-mini-breeds","status":"publish","type":"product","link":"https:\/\/groomluxuryvetcr.com\/en\/product\/vet-life-ultrahypo-canine-mini-breeds\/","title":{"rendered":"VET LIFE ULTRAHYPO CANINE MINI BREEDS"},"content":{"rendered":"<p data-start=\"92\" data-end=\"158\"><strong data-start=\"92\" data-end=\"158\">Alimento Coadyuvante para Perros con Alergias \u2013 Razas Peque\u00f1as<\/strong><\/p>\n<p data-start=\"160\" data-end=\"460\">Vet Life Natural Canine Ultrahypo Mini Breeds es un alimento seco especialmente formulado para perros de razas peque\u00f1as con alergias o intolerancias alimenticias. Su f\u00f3rmula hipoalerg\u00e9nica utiliza prote\u00edna hidrolizada de pescado como \u00fanica fuente proteica, lo que ayuda a reducir reacciones adversas.<\/p>\n<p data-start=\"462\" data-end=\"760\">Este alimento puede emplearse como dieta de eliminaci\u00f3n para diagn\u00f3stico y contribuye a la recuperaci\u00f3n de problemas digestivos y dermatol\u00f3gicos, como diarreas o irritaciones en la piel. Adem\u00e1s, contiene aceite de pescado rico en DHA y EPA, que favorece la respuesta antiinflamatoria del organismo.<\/p>\n<p data-start=\"762\" data-end=\"872\"><strong data-start=\"762\" data-end=\"782\">Recomendaciones:<\/strong><br data-start=\"782\" data-end=\"785\" \/>No se recomienda su uso en cachorros ni en hembras gestantes o en periodo de lactancia.<\/p>","protected":false},"excerpt":{"rendered":"<p>Alimento Coadyuvante para Perros con Alergias \u2013 Razas Peque\u00f1as Vet Life Natural Canine Ultrahypo Mini Breeds es un alimento seco especialmente formulado para perros de razas peque\u00f1as con alergias o intolerancias alimenticias. Su f\u00f3rmula hipoalerg\u00e9nica utiliza prote\u00edna hidrolizada de pescado como \u00fanica fuente proteica, lo que ayuda a reducir reacciones adversas. Este alimento puede emplearse [&hellip;]<\/p>\n","protected":false},"featured_media":13910,"comment_status":"open","ping_status":"closed","template":"","meta":{"content-type":""},"product_brand":[124],"product_cat":[54],"product_tag":[],"class_list":{"0":"post-14410","1":"product","2":"type-product","3":"status-publish","4":"has-post-thumbnail","6":"product_brand-virbac","7":"product_cat-alimentos-general","9":"first","10":"instock","11":"taxable","12":"shipping-taxable","13":"purchasable","14":"product-type-simple"},"_links":{"self":[{"href":"https:\/\/groomluxuryvetcr.com\/en\/wp-json\/wp\/v2\/product\/14410","targetHints":{"allow":["GET"]}}],"collection":[{"href":"https:\/\/groomluxuryvetcr.com\/en\/wp-json\/wp\/v2\/product"}],"about":[{"href":"https:\/\/groomluxuryvetcr.com\/en\/wp-json\/wp\/v2\/types\/product"}],"replies":[{"embeddable":true,"href":"https:\/\/groomluxuryvetcr.com\/en\/wp-json\/wp\/v2\/comments?post=14410"}],"version-history":[{"count":0,"href":"https:\/\/groomluxuryvetcr.com\/en\/wp-json\/wp\/v2\/product\/14410\/revisions"}],"wp:featuredmedia":[{"embeddable":true,"href":"https:\/\/groomluxuryvetcr.com\/en\/wp-json\/wp\/v2\/media\/13910"}],"wp:attachment":[{"href":"https:\/\/groomluxuryvetcr.com\/en\/wp-json\/wp\/v2\/media?parent=14410"}],"wp:term":[{"taxonomy":"product_brand","embeddable":true,"href":"https:\/\/groomluxuryvetcr.com\/en\/wp-json\/wp\/v2\/product_brand?post=14410"},{"taxonomy":"product_cat","embeddable":true,"href":"https:\/\/groomluxuryvetcr.com\/en\/wp-json\/wp\/v2\/product_cat?post=14410"},{"taxonomy":"product_tag","embeddable":true,"href":"https:\/\/groomluxuryvetcr.com\/en\/wp-json\/wp\/v2\/product_tag?post=14410"}],"curies":[{"name":"wp","href":"https:\/\/api.w.org\/{rel}","templated":true}]}}