{"id":9242,"date":"2023-03-13T02:54:04","date_gmt":"2023-03-13T02:54:04","guid":{"rendered":"https:\/\/bw-petito.bzotech.com\/?post_type=product&#038;p=9242"},"modified":"2025-06-12T10:12:27","modified_gmt":"2025-06-12T16:12:27","slug":"neutralizador-de-malos-olores-y-perfume-baby-powder","status":"publish","type":"product","link":"https:\/\/groomluxuryvetcr.com\/en\/product\/neutralizador-de-malos-olores-y-perfume-baby-powder\/","title":{"rendered":"Neutralizador de malos olores Baby Powder"},"content":{"rendered":"<p>Nuestra fragancia no solamente elimina los malos olores desde su origen sino tambi\u00e9n deja a tu peludito con un agradable olor a talco de beb\u00e9. \ud83d\udc76<\/p>\n<h3><strong>Beneficios:<\/strong><\/h3>\n<ul>\n<li>\ud83d\udc9a Neutraliza los malos olores.<\/li>\n<li>\ud83d\udc9a Para uso entre ba\u00f1os y como perfume.<\/li>\n<li>\ud83d\udc9a Libre de colorantes y fragancias artificiales.<\/li>\n<\/ul>\n<p><strong>Modo de uso:<\/strong> Agitar el envase, aplicar directamente en el pelaje. Aplique cuantas veces sea necesario.<\/p>\n<p><strong>Presentaci\u00f3n disponible:<\/strong> 236 ml<\/p>\n<h3><strong>FAQS:<\/strong><\/h3>\n<p><strong>\u00bfA partir de qu\u00e9 edad se puede aplicar?<\/strong> R\/ se recomienda aplicarlo a partir de las 12 semanas de edad para garantizarnos que ya el sistema inmune est\u00e1 desarrollado y el esquema de vacunaci\u00f3n est\u00e1 completo.<\/p>\n<p><strong>\u00bfCada cuanto se aplica?<\/strong> R\/ seg\u00fan sea necesario.<\/p>\n<p><strong>\u00bfFunciona como perfume?<\/strong> R\/ si y entre ba\u00f1os.<\/p>\n<p><strong>\u00bfSolo tienen esa fragancia?<\/strong> R\/ tenemos de Papaya tambi\u00e9n.<\/p>\n<p><strong>\u00bfSe puede utilizar en gatos?<\/strong> R\/ si claro, funciona para ambas especies.<\/p>","protected":false},"excerpt":{"rendered":"<p>Nuestra fragancia no solamente elimina los malos olores desde su origen sino tambi\u00e9n deja a tu peludito con un agradable olor a talco de beb\u00e9. \ud83d\udc76<\/p>","protected":false},"featured_media":11916,"comment_status":"open","ping_status":"closed","template":"","meta":{"content-type":""},"product_brand":[97],"product_cat":[43,41,15,55,56,57],"product_tag":[],"class_list":{"0":"post-9242","1":"product","2":"type-product","3":"status-publish","4":"has-post-thumbnail","6":"product_brand-tropiclean","7":"product_cat-perros","8":"product_cat-gatos","9":"product_cat-general","10":"product_cat-salud-y-bienestar","11":"product_cat-salud-y-bienestar-perros","12":"product_cat-salud-y-bienestar-gatos","14":"first","15":"instock","16":"taxable","17":"shipping-taxable","18":"purchasable","19":"product-type-simple"},"_links":{"self":[{"href":"https:\/\/groomluxuryvetcr.com\/en\/wp-json\/wp\/v2\/product\/9242","targetHints":{"allow":["GET"]}}],"collection":[{"href":"https:\/\/groomluxuryvetcr.com\/en\/wp-json\/wp\/v2\/product"}],"about":[{"href":"https:\/\/groomluxuryvetcr.com\/en\/wp-json\/wp\/v2\/types\/product"}],"replies":[{"embeddable":true,"href":"https:\/\/groomluxuryvetcr.com\/en\/wp-json\/wp\/v2\/comments?post=9242"}],"version-history":[{"count":5,"href":"https:\/\/groomluxuryvetcr.com\/en\/wp-json\/wp\/v2\/product\/9242\/revisions"}],"predecessor-version":[{"id":12700,"href":"https:\/\/groomluxuryvetcr.com\/en\/wp-json\/wp\/v2\/product\/9242\/revisions\/12700"}],"wp:featuredmedia":[{"embeddable":true,"href":"https:\/\/groomluxuryvetcr.com\/en\/wp-json\/wp\/v2\/media\/11916"}],"wp:attachment":[{"href":"https:\/\/groomluxuryvetcr.com\/en\/wp-json\/wp\/v2\/media?parent=9242"}],"wp:term":[{"taxonomy":"product_brand","embeddable":true,"href":"https:\/\/groomluxuryvetcr.com\/en\/wp-json\/wp\/v2\/product_brand?post=9242"},{"taxonomy":"product_cat","embeddable":true,"href":"https:\/\/groomluxuryvetcr.com\/en\/wp-json\/wp\/v2\/product_cat?post=9242"},{"taxonomy":"product_tag","embeddable":true,"href":"https:\/\/groomluxuryvetcr.com\/en\/wp-json\/wp\/v2\/product_tag?post=9242"}],"curies":[{"name":"wp","href":"https:\/\/api.w.org\/{rel}","templated":true}]}}