{"id":9253,"date":"2023-03-13T02:56:46","date_gmt":"2023-03-13T02:56:46","guid":{"rendered":"https:\/\/bw-petito.bzotech.com\/?post_type=product&#038;p=9253"},"modified":"2025-05-22T13:12:27","modified_gmt":"2025-05-22T19:12:27","slug":"shampoo-papaya","status":"publish","type":"product","link":"https:\/\/groomluxuryvetcr.com\/en\/product\/shampoo-papaya\/","title":{"rendered":"Shampoo Papaya"},"content":{"rendered":"<p>Nuestro shampoo Papaya 2 en 1 es perfecto para hidratar la piel y liberar los nudos del pelaje.<\/p>\n<h3><strong>Beneficios:<\/strong><\/h3>\n<ul>\n<li>\ud83d\udc9a Suaviza los nudos y facilita el peinado.<\/li>\n<li>\ud83d\udc9a Humecta y acondiciona la piel y pelaje.<\/li>\n<li>\ud83d\udc9a Es libre de qu\u00edmicos como jabones detergentes y parabenos causantes de alergias.<\/li>\n<li>\ud83d\udc9a Libre de colorantes y fragancias artificiales.<\/li>\n<\/ul>\n<p><strong>Modo de uso:<\/strong> Agitar el envase, aplicar en la mano o directamente en el pelaje. Masajee y deje actuar de 3 a 5 minutos y enjuague.<\/p>\n<p><strong>Presentaci\u00f3n disponible:<\/strong> 355 ml<\/p>\n<h3><strong>FAQS:<\/strong><\/h3>\n<p><strong>\u00bfA partir de qu\u00e9 edad se puede aplicar?<\/strong> R\/ se recomienda aplicarlo a partir de las 12 semanas de edad para garantizarnos que ya el sistema inmune est\u00e1 desarrollado y el esquema de vacunaci\u00f3n est\u00e1 completo.<\/p>\n<p><strong>\u00bfCada cuanto se aplica?<\/strong> R\/ se recomienda no menos de 7 d\u00edas.<\/p>\n<p><strong>\u00bfFunciona para todo tipo de pelajes?<\/strong> R\/ si, sus ingredientes naturales y de alta calidad cuidan el pelaje.<\/p>\n<p><strong>\u00bfSe puede utilizar en gatos?<\/strong> R\/ si claro, funciona para ambas especies.<\/p>","protected":false},"excerpt":{"rendered":"<p>Nuestro shampoo Papaya 2 en 1 es perfecto para hidratar la piel y liberar los nudos del pelaje.<\/p>","protected":false},"featured_media":11903,"comment_status":"open","ping_status":"closed","template":"","meta":{"content-type":""},"product_brand":[97],"product_cat":[43,41,15,55,56,57],"product_tag":[],"class_list":{"0":"post-9253","1":"product","2":"type-product","3":"status-publish","4":"has-post-thumbnail","6":"product_brand-tropiclean","7":"product_cat-perros","8":"product_cat-gatos","9":"product_cat-general","10":"product_cat-salud-y-bienestar","11":"product_cat-salud-y-bienestar-perros","12":"product_cat-salud-y-bienestar-gatos","14":"first","15":"instock","16":"sale","17":"taxable","18":"shipping-taxable","19":"purchasable","20":"product-type-simple"},"_links":{"self":[{"href":"https:\/\/groomluxuryvetcr.com\/en\/wp-json\/wp\/v2\/product\/9253","targetHints":{"allow":["GET"]}}],"collection":[{"href":"https:\/\/groomluxuryvetcr.com\/en\/wp-json\/wp\/v2\/product"}],"about":[{"href":"https:\/\/groomluxuryvetcr.com\/en\/wp-json\/wp\/v2\/types\/product"}],"replies":[{"embeddable":true,"href":"https:\/\/groomluxuryvetcr.com\/en\/wp-json\/wp\/v2\/comments?post=9253"}],"version-history":[{"count":3,"href":"https:\/\/groomluxuryvetcr.com\/en\/wp-json\/wp\/v2\/product\/9253\/revisions"}],"predecessor-version":[{"id":11899,"href":"https:\/\/groomluxuryvetcr.com\/en\/wp-json\/wp\/v2\/product\/9253\/revisions\/11899"}],"wp:featuredmedia":[{"embeddable":true,"href":"https:\/\/groomluxuryvetcr.com\/en\/wp-json\/wp\/v2\/media\/11903"}],"wp:attachment":[{"href":"https:\/\/groomluxuryvetcr.com\/en\/wp-json\/wp\/v2\/media?parent=9253"}],"wp:term":[{"taxonomy":"product_brand","embeddable":true,"href":"https:\/\/groomluxuryvetcr.com\/en\/wp-json\/wp\/v2\/product_brand?post=9253"},{"taxonomy":"product_cat","embeddable":true,"href":"https:\/\/groomluxuryvetcr.com\/en\/wp-json\/wp\/v2\/product_cat?post=9253"},{"taxonomy":"product_tag","embeddable":true,"href":"https:\/\/groomluxuryvetcr.com\/en\/wp-json\/wp\/v2\/product_tag?post=9253"}],"curies":[{"name":"wp","href":"https:\/\/api.w.org\/{rel}","templated":true}]}}