{"id":9256,"date":"2023-03-13T02:59:07","date_gmt":"2023-03-13T02:59:07","guid":{"rendered":"https:\/\/bw-petito.bzotech.com\/?post_type=product&#038;p=9256"},"modified":"2025-06-12T10:14:51","modified_gmt":"2025-06-12T16:14:51","slug":"shampoo-hipoalergenico","status":"publish","type":"product","link":"https:\/\/groomluxuryvetcr.com\/en\/product\/shampoo-hipoalergenico\/","title":{"rendered":"Shampoo Hipoalerg\u00e9nico"},"content":{"rendered":"<p>Nuestro shampoo hipoalerg\u00e9nico est\u00e1 fabricado especialmente para cachorritos y pieles sensibles.<\/p>\n<h3><strong>Beneficios:<\/strong><\/h3>\n<ul>\n<li>\ud83d\udc9a Perfecto para cachorros.<\/li>\n<li>\ud83d\udc9a Humecta y acondiciona la piel y pelaje.<\/li>\n<li>\ud83d\udc9a Es libre de qu\u00edmicos como jabones detergentes y parabenos causantes de alergias.<\/li>\n<li>\ud83d\udc9a Libre de colorantes y fragancias artificiales.<\/li>\n<\/ul>\n<p><strong>Modo de uso:<\/strong> Agitar el envase, aplicar en la mano o directamente en el pelaje. Masajee y deje actuar de 3 a 5 minutos y enjuague.<\/p>\n<p><strong>Presentaci\u00f3n disponible:<\/strong> 355 ml<\/p>\n<h3><strong>FAQS:<\/strong><\/h3>\n<p><strong>\u00bfA partir de qu\u00e9 edad se puede aplicar?<\/strong> R\/ se recomienda aplicarlo a partir de las 12 semanas de edad para garantizarnos que ya el sistema inmune est\u00e1 desarrollado y el esquema de vacunaci\u00f3n est\u00e1 completo.<\/p>\n<p><strong>\u00bfCada cuanto se aplica?<\/strong> R\/ se recomienda no menos de 7 d\u00edas.<\/p>\n<p><strong>\u00bfFunciona para todo tipo de pelajes?<\/strong> R\/ si, sus ingredientes naturales y de alta calidad cuidan el pelaje.<\/p>\n<p><strong>\u00bfSe puede utilizar en gatos?<\/strong> R\/ si claro, funciona para ambas especies.<\/p>","protected":false},"excerpt":{"rendered":"<p>Nuestro shampoo hipoalerg\u00e9nico est\u00e1 fabricado especialmente para cachorritos y pieles sensibles.<\/p>","protected":false},"featured_media":11894,"comment_status":"open","ping_status":"closed","template":"","meta":{"content-type":""},"product_brand":[97],"product_cat":[43,41,15,55,56,57],"product_tag":[],"class_list":{"0":"post-9256","1":"product","2":"type-product","3":"status-publish","4":"has-post-thumbnail","6":"product_brand-tropiclean","7":"product_cat-perros","8":"product_cat-gatos","9":"product_cat-general","10":"product_cat-salud-y-bienestar","11":"product_cat-salud-y-bienestar-perros","12":"product_cat-salud-y-bienestar-gatos","14":"first","15":"instock","16":"sale","17":"taxable","18":"shipping-taxable","19":"purchasable","20":"product-type-simple"},"_links":{"self":[{"href":"https:\/\/groomluxuryvetcr.com\/en\/wp-json\/wp\/v2\/product\/9256","targetHints":{"allow":["GET"]}}],"collection":[{"href":"https:\/\/groomluxuryvetcr.com\/en\/wp-json\/wp\/v2\/product"}],"about":[{"href":"https:\/\/groomluxuryvetcr.com\/en\/wp-json\/wp\/v2\/types\/product"}],"replies":[{"embeddable":true,"href":"https:\/\/groomluxuryvetcr.com\/en\/wp-json\/wp\/v2\/comments?post=9256"}],"version-history":[{"count":4,"href":"https:\/\/groomluxuryvetcr.com\/en\/wp-json\/wp\/v2\/product\/9256\/revisions"}],"predecessor-version":[{"id":11884,"href":"https:\/\/groomluxuryvetcr.com\/en\/wp-json\/wp\/v2\/product\/9256\/revisions\/11884"}],"wp:featuredmedia":[{"embeddable":true,"href":"https:\/\/groomluxuryvetcr.com\/en\/wp-json\/wp\/v2\/media\/11894"}],"wp:attachment":[{"href":"https:\/\/groomluxuryvetcr.com\/en\/wp-json\/wp\/v2\/media?parent=9256"}],"wp:term":[{"taxonomy":"product_brand","embeddable":true,"href":"https:\/\/groomluxuryvetcr.com\/en\/wp-json\/wp\/v2\/product_brand?post=9256"},{"taxonomy":"product_cat","embeddable":true,"href":"https:\/\/groomluxuryvetcr.com\/en\/wp-json\/wp\/v2\/product_cat?post=9256"},{"taxonomy":"product_tag","embeddable":true,"href":"https:\/\/groomluxuryvetcr.com\/en\/wp-json\/wp\/v2\/product_tag?post=9256"}],"curies":[{"name":"wp","href":"https:\/\/api.w.org\/{rel}","templated":true}]}}