{"id":9260,"date":"2023-03-13T03:02:00","date_gmt":"2023-03-13T03:02:00","guid":{"rendered":"https:\/\/bw-petito.bzotech.com\/?post_type=product&#038;p=9260"},"modified":"2025-06-13T13:17:20","modified_gmt":"2025-06-13T19:17:20","slug":"shampoo-en-seco-papaya","status":"publish","type":"product","link":"https:\/\/groomluxuryvetcr.com\/en\/product\/shampoo-en-seco-papaya\/","title":{"rendered":"Shampoo Papaya TROPICLEAN"},"content":{"rendered":"<p>Nuestro shampoo en seco es la soluci\u00f3n perfecta para una limpieza pr\u00e1ctica y r\u00e1pida. Formulado con los mejores ingredientes naturales. Funciona tanto para perritos como gatitos.<\/p>\n<h3><strong>Beneficios:<\/strong><\/h3>\n<ul>\n<li>\ud83d\udc9a Es libre de qu\u00edmicos fuertes.<\/li>\n<li>\ud83d\udc9a Libre de colorantes y fragancias artificiales.<\/li>\n<li>\ud83d\udc9a Seguro para el peludito y la familia.<\/li>\n<\/ul>\n<p><strong>Modo de uso:<\/strong> Agitar el envase, aplicar la espuma en la mano o directamente en el pelaje. Masajee y listo. Puede secarse al ambiente o bien utilizar una toallita h\u00fameda TropiClean. Cepille para un mejor acabado.<\/p>\n<p><strong>Presentaci\u00f3n disponible:<\/strong> 220 ml<\/p>\n<h3><strong>FAQS:<\/strong><\/h3>\n<p><strong>\u00bfA partir de qu\u00e9 edad se puede aplicar?<\/strong> R\/ se recomienda aplicarlo a partir de las 12 semanas de edad para garantizarnos que ya el sistema inmune est\u00e1 desarrollado y el esquema de vacunaci\u00f3n est\u00e1 completo.<\/p>\n<p><strong>\u00bfCada cuanto se aplica?<\/strong> R\/ por ser ingredientes naturales no hay restricci\u00f3n, cada vez que sea necesario.<\/p>\n<p><strong>\u00bfFunciona para pieles sensibles?<\/strong> R\/ para pieles sensibles recomendamos el hipoalerg\u00e9nico.<\/p>\n<p><strong>\u00bfFunciona para todo tipo de pelajes?<\/strong> R\/ si, sus ingredientes naturales y de alta calidad cuidan el pelaje.<\/p>\n<p><strong>\u00bfSe puede utilizar en gatos?<\/strong> R\/ si claro, funciona para ambas especies.<\/p>","protected":false},"excerpt":{"rendered":"<p>Nuestro shampoo en seco es la soluci\u00f3n perfecta para una limpieza pr\u00e1ctica y r\u00e1pida. Formulado con los mejores ingredientes naturales. Funciona tanto para perritos como gatitos.<\/p>","protected":false},"featured_media":11867,"comment_status":"open","ping_status":"closed","template":"","meta":{"content-type":""},"product_brand":[97],"product_cat":[43,41,15,55,56,57],"product_tag":[],"class_list":{"0":"post-9260","1":"product","2":"type-product","3":"status-publish","4":"has-post-thumbnail","6":"product_brand-tropiclean","7":"product_cat-perros","8":"product_cat-gatos","9":"product_cat-general","10":"product_cat-salud-y-bienestar","11":"product_cat-salud-y-bienestar-perros","12":"product_cat-salud-y-bienestar-gatos","14":"first","15":"instock","16":"taxable","17":"shipping-taxable","18":"purchasable","19":"product-type-simple"},"_links":{"self":[{"href":"https:\/\/groomluxuryvetcr.com\/en\/wp-json\/wp\/v2\/product\/9260","targetHints":{"allow":["GET"]}}],"collection":[{"href":"https:\/\/groomluxuryvetcr.com\/en\/wp-json\/wp\/v2\/product"}],"about":[{"href":"https:\/\/groomluxuryvetcr.com\/en\/wp-json\/wp\/v2\/types\/product"}],"replies":[{"embeddable":true,"href":"https:\/\/groomluxuryvetcr.com\/en\/wp-json\/wp\/v2\/comments?post=9260"}],"version-history":[{"count":5,"href":"https:\/\/groomluxuryvetcr.com\/en\/wp-json\/wp\/v2\/product\/9260\/revisions"}],"predecessor-version":[{"id":13204,"href":"https:\/\/groomluxuryvetcr.com\/en\/wp-json\/wp\/v2\/product\/9260\/revisions\/13204"}],"wp:featuredmedia":[{"embeddable":true,"href":"https:\/\/groomluxuryvetcr.com\/en\/wp-json\/wp\/v2\/media\/11867"}],"wp:attachment":[{"href":"https:\/\/groomluxuryvetcr.com\/en\/wp-json\/wp\/v2\/media?parent=9260"}],"wp:term":[{"taxonomy":"product_brand","embeddable":true,"href":"https:\/\/groomluxuryvetcr.com\/en\/wp-json\/wp\/v2\/product_brand?post=9260"},{"taxonomy":"product_cat","embeddable":true,"href":"https:\/\/groomluxuryvetcr.com\/en\/wp-json\/wp\/v2\/product_cat?post=9260"},{"taxonomy":"product_tag","embeddable":true,"href":"https:\/\/groomluxuryvetcr.com\/en\/wp-json\/wp\/v2\/product_tag?post=9260"}],"curies":[{"name":"wp","href":"https:\/\/api.w.org\/{rel}","templated":true}]}}