{"id":9271,"date":"2023-03-13T03:07:33","date_gmt":"2023-03-13T03:07:33","guid":{"rendered":"https:\/\/bw-petito.bzotech.com\/?post_type=product&#038;p=9271"},"modified":"2025-06-13T13:11:45","modified_gmt":"2025-06-13T19:11:45","slug":"spray-contra-pulgas-y-garrapatas","status":"publish","type":"product","link":"https:\/\/groomluxuryvetcr.com\/en\/product\/spray-contra-pulgas-y-garrapatas\/","title":{"rendered":"TROPICLEAN SPRAY FLEA&#038;TICK ANTI PULGAS 475ML"},"content":{"rendered":"<p>Nuestro spray antipulgas y garrapatas est\u00e1 fabricado con los aceites esenciales m\u00e1s poderosos de la naturaleza. \ud83c\udf3f<\/p>\n<h3><strong>Beneficios:<\/strong><\/h3>\n<ul>\n<li>\ud83e\udde1 Es libre de qu\u00edmicos insecticidas fuertes.<\/li>\n<li>\ud83e\udde1 Libre de colorantes y fragancias artificiales.<\/li>\n<li>\ud83e\udde1 Funciona tanto en el cuerpo del perrito como tambi\u00e9n camas, cobijas, casitas, y alrededores.<\/li>\n<li>\ud83e\udde1 Elimina las plagas por contacto y adem\u00e1s funciona como repelente.<\/li>\n<li>\ud83e\udde1 Seguro para el peludito y la familia.<\/li>\n<\/ul>\n<p><strong>Modo de uso:<\/strong> Agitar el envase, aplicar contra pelo para que el producto llegue hasta la piel. Evitar aplicar en rostro y genitales<\/p>\n<p><strong>Presentaci\u00f3n disponible:<\/strong> 473 ml<\/p>\n<h3><strong>FAQS:<\/strong><\/h3>\n<p><strong>\u00bfA partir de qu\u00e9 edad se puede aplicar?<\/strong> R\/ se recomienda aplicarlo a partir de las 12 semanas de edad para garantizarnos que ya el sistema inmune est\u00e1 desarrollado y el esquema de vacunaci\u00f3n est\u00e1 completo.<\/p>\n<p><strong>\u00bfHay para gatos?<\/strong> R\/ puede ser utilizado solamente en perritos.<\/p>\n<p><strong>\u00bfCada cuanto se aplica?<\/strong> R\/ tiene un efecto residual de 2 semanas.<\/p>\n<p><strong>\u00bfSi se ba\u00f1a, o se mete al mar o piscina?<\/strong> R\/ se puede realizar una aplicaci\u00f3n nuevamente.<\/p>\n<p><strong>\u00bfElimina \u00e1caros?<\/strong> R\/ est\u00e1 dise\u00f1ado para eliminar pulgas, garrapatas y mosquitos<\/p>\n<p><strong>\u00bfSe aplica directamente en la mascota?<\/strong> R\/ correcto directamente en el cuerpo del perrito.<\/p>","protected":false},"excerpt":{"rendered":"<p>Nuestro spray antipulgas y garrapatas est\u00e1 fabricado con los aceites esenciales m\u00e1s poderosos de la naturaleza. \ud83c\udf3f<\/p>","protected":false},"featured_media":11843,"comment_status":"open","ping_status":"closed","template":"","meta":{"content-type":""},"product_brand":[97],"product_cat":[43,15,56,55],"product_tag":[],"class_list":{"0":"post-9271","1":"product","2":"type-product","3":"status-publish","4":"has-post-thumbnail","6":"product_brand-tropiclean","7":"product_cat-perros","8":"product_cat-general","9":"product_cat-salud-y-bienestar-perros","10":"product_cat-salud-y-bienestar","12":"first","13":"instock","14":"taxable","15":"shipping-taxable","16":"purchasable","17":"product-type-simple"},"_links":{"self":[{"href":"https:\/\/groomluxuryvetcr.com\/en\/wp-json\/wp\/v2\/product\/9271","targetHints":{"allow":["GET"]}}],"collection":[{"href":"https:\/\/groomluxuryvetcr.com\/en\/wp-json\/wp\/v2\/product"}],"about":[{"href":"https:\/\/groomluxuryvetcr.com\/en\/wp-json\/wp\/v2\/types\/product"}],"replies":[{"embeddable":true,"href":"https:\/\/groomluxuryvetcr.com\/en\/wp-json\/wp\/v2\/comments?post=9271"}],"version-history":[{"count":4,"href":"https:\/\/groomluxuryvetcr.com\/en\/wp-json\/wp\/v2\/product\/9271\/revisions"}],"predecessor-version":[{"id":13203,"href":"https:\/\/groomluxuryvetcr.com\/en\/wp-json\/wp\/v2\/product\/9271\/revisions\/13203"}],"wp:featuredmedia":[{"embeddable":true,"href":"https:\/\/groomluxuryvetcr.com\/en\/wp-json\/wp\/v2\/media\/11843"}],"wp:attachment":[{"href":"https:\/\/groomluxuryvetcr.com\/en\/wp-json\/wp\/v2\/media?parent=9271"}],"wp:term":[{"taxonomy":"product_brand","embeddable":true,"href":"https:\/\/groomluxuryvetcr.com\/en\/wp-json\/wp\/v2\/product_brand?post=9271"},{"taxonomy":"product_cat","embeddable":true,"href":"https:\/\/groomluxuryvetcr.com\/en\/wp-json\/wp\/v2\/product_cat?post=9271"},{"taxonomy":"product_tag","embeddable":true,"href":"https:\/\/groomluxuryvetcr.com\/en\/wp-json\/wp\/v2\/product_tag?post=9271"}],"curies":[{"name":"wp","href":"https:\/\/api.w.org\/{rel}","templated":true}]}}