{"id":9274,"date":"2023-03-13T03:08:58","date_gmt":"2023-03-13T03:08:58","guid":{"rendered":"https:\/\/bw-petito.bzotech.com\/?post_type=product&#038;p=9274"},"modified":"2025-06-13T13:10:33","modified_gmt":"2025-06-13T19:10:33","slug":"aditivo-para-el-agua-para-eliminar-el-mal-aliento-para-perro","status":"publish","type":"product","link":"https:\/\/groomluxuryvetcr.com\/en\/product\/aditivo-para-el-agua-para-eliminar-el-mal-aliento-para-perro\/","title":{"rendered":"TROPICLEAN FRESH BREATH PARA AGUA 236ML ADITIVO MAL ALIENTO"},"content":{"rendered":"<p>Nuestro aditivo para agua \ud83d\udca6de Fresh Breath elimina el mal aliento y provee una defensa contra la placa y el sarro. Formulado con ingredientes naturales y sin color, sabor ni olor.<\/p>\n<h3><strong>Beneficios:<\/strong><\/h3>\n<ul>\n<li>\u2714 Elimina el mal aliento<\/li>\n<li>\u2714 Evita la formaci\u00f3n de placa y sarro<\/li>\n<li>\u2714 Formulado con ingredientes naturales<\/li>\n<li>\u2714 F\u00e1cil de aplicar<\/li>\n<\/ul>\n<p><strong>Modo de uso:<\/strong> Agregar una tapita de producto en 500 ML del agua fresca diaria.<\/p>\n<p><strong>Presentaciones disponibles:<\/strong> 473 ML<\/p>\n<h3><strong>FAQS:<\/strong><\/h3>\n<p><strong>\u00bfA partir de qu\u00e9 edad se puede aplicar?<\/strong> R\/ se recomienda aplicarlo a partir de las 12 semanas de edad.<\/p>\n<p><strong>\u00bfGenera irritaci\u00f3n en el est\u00f3mago?<\/strong> R\/ no, sus ingredientes naturales y de alta calidad hacen que sea un producto noble para ellos.<\/p>\n<p><strong>\u00bfSe lo pueden tragar?<\/strong> R\/ Sin ning\u00fan problema, sus ingredientes naturales y de alta calidad hacen que sea un producto noble para ellos.<\/p>\n<p><strong>\u00bfRealmente funciona?<\/strong> R\/ El producto tiene muchos a\u00f1os de estar en el mercado brindando muy buenos resultados si se siguen las recomendaciones de uso.<\/p>\n<p><strong>\u00bfHay para gatos?<\/strong> R\/ tenemos uno espec\u00edfico para gatitos si, le muestro la foto del producto.<\/p>\n<p><strong>\u00bfEl producto es preventivo o elimina la placa y sarro?<\/strong> R\/ el aditivo est\u00e1 dise\u00f1ado para eliminar el mal aliento y a su vez crea una defensa para combatir la placa y el sarro. En caso de presencia de sarro la recomendaci\u00f3n es utilizar adicionalmente nuestro Gel TropiClean.<\/p>\n<p><strong>\u00bfC\u00f3mo se aplica?<\/strong> R\/ Se agrega una tapita del producto en 500 ML de agua fresca (medio litro).<\/p>\n<p><strong>\u00bfCada cuanto se debe cambiar el agua?<\/strong> R\/ Normalmente la recomendaci\u00f3n de los m\u00e9dicos veterinarios es que el agua se debe cambiar cada 24 horas, por ende, ah\u00ed se puede colocar nuevamente el aditivo.<\/p>\n<p><strong>\u00bfEl producto le cambia el sabor, el color o el olor al agua?<\/strong> R\/ no, es un producto sin sabor, color ni olor.<\/p>","protected":false},"excerpt":{"rendered":"<p>Nuestro aditivo para agua \ud83d\udca6de Fresh Breath elimina el mal aliento y provee una defensa contra la placa y el sarro. Formulado con ingredientes naturales y sin color, sabor ni olor.<\/p>","protected":false},"featured_media":11837,"comment_status":"open","ping_status":"closed","template":"","meta":{"content-type":""},"product_brand":[97],"product_cat":[43,15,55,56],"product_tag":[],"class_list":{"0":"post-9274","1":"product","2":"type-product","3":"status-publish","4":"has-post-thumbnail","6":"product_brand-tropiclean","7":"product_cat-perros","8":"product_cat-general","9":"product_cat-salud-y-bienestar","10":"product_cat-salud-y-bienestar-perros","12":"first","13":"instock","14":"sale","15":"taxable","16":"shipping-taxable","17":"purchasable","18":"product-type-simple"},"_links":{"self":[{"href":"https:\/\/groomluxuryvetcr.com\/en\/wp-json\/wp\/v2\/product\/9274","targetHints":{"allow":["GET"]}}],"collection":[{"href":"https:\/\/groomluxuryvetcr.com\/en\/wp-json\/wp\/v2\/product"}],"about":[{"href":"https:\/\/groomluxuryvetcr.com\/en\/wp-json\/wp\/v2\/types\/product"}],"replies":[{"embeddable":true,"href":"https:\/\/groomluxuryvetcr.com\/en\/wp-json\/wp\/v2\/comments?post=9274"}],"version-history":[{"count":7,"href":"https:\/\/groomluxuryvetcr.com\/en\/wp-json\/wp\/v2\/product\/9274\/revisions"}],"predecessor-version":[{"id":13202,"href":"https:\/\/groomluxuryvetcr.com\/en\/wp-json\/wp\/v2\/product\/9274\/revisions\/13202"}],"wp:featuredmedia":[{"embeddable":true,"href":"https:\/\/groomluxuryvetcr.com\/en\/wp-json\/wp\/v2\/media\/11837"}],"wp:attachment":[{"href":"https:\/\/groomluxuryvetcr.com\/en\/wp-json\/wp\/v2\/media?parent=9274"}],"wp:term":[{"taxonomy":"product_brand","embeddable":true,"href":"https:\/\/groomluxuryvetcr.com\/en\/wp-json\/wp\/v2\/product_brand?post=9274"},{"taxonomy":"product_cat","embeddable":true,"href":"https:\/\/groomluxuryvetcr.com\/en\/wp-json\/wp\/v2\/product_cat?post=9274"},{"taxonomy":"product_tag","embeddable":true,"href":"https:\/\/groomluxuryvetcr.com\/en\/wp-json\/wp\/v2\/product_tag?post=9274"}],"curies":[{"name":"wp","href":"https:\/\/api.w.org\/{rel}","templated":true}]}}