{"id":9912,"date":"2023-03-16T10:40:21","date_gmt":"2023-03-16T10:40:21","guid":{"rendered":"https:\/\/bw-petito.bzotech.com\/?post_type=product&#038;p=9912"},"modified":"2025-06-13T12:54:24","modified_gmt":"2025-06-13T18:54:24","slug":"gel-antiplaca-y-sarro-para-perros","status":"publish","type":"product","link":"https:\/\/groomluxuryvetcr.com\/en\/product\/gel-antiplaca-y-sarro-para-perros\/","title":{"rendered":"Gel antiplaca y sarro para perros TROPICLEAN"},"content":{"rendered":"<p>Ayuda a remover f\u00e1cilmente la placa y el sarro y evita su formaci\u00f3n. Formulado con ingredientes naturales \ud83c\udf3f como el T\u00e9 Verde, que permite mejorar la salud dental sin necesidad de cepillado. \u274c<\/p>\n<h3><strong>Beneficios:<\/strong><\/h3>\n<ul>\n<li>\ud83d\udc9a Remueve la placa y el sarro<\/li>\n<li>\u274c No requiere cepillado<\/li>\n<li>\u2714 F\u00e1cil de aplicar<\/li>\n<\/ul>\n<p><strong>\ud83d\udc9a Resultados visibles en 30 d\u00edas o menos<\/strong><\/p>\n<p><strong>Modo de uso:<\/strong> se debe utilizar diariamente, aplicar 2 gotas arriba y 2 gotas abajo. Utilizar 30 minutos despu\u00e9s de la comida.<\/p>\n<p><strong>Presentaci\u00f3n disponible:<\/strong> 59 ml<\/p>\n<h3><strong>FAQS:<\/strong><\/h3>\n<p><strong>\u00bfA partir de qu\u00e9 edad se puede aplicar?<\/strong> R\/ se recomienda aplicarlo a partir de las 12 semanas de edad.<\/p>\n<p><strong>\u00bfGenera irritaci\u00f3n en el est\u00f3mago?<\/strong> R\/ no, sus ingredientes naturales y de alta calidad hacen que sea un producto noble para ellos.<\/p>\n<p><strong>\u00bfSe lo pueden tragar?<\/strong> R\/ Sin ning\u00fan problema, sus ingredientes naturales y de alta calidad hacen que sea un producto noble para ellos.<\/p>\n<p><strong>\u00bfRealmente funciona?<\/strong> R\/ El producto tiene muchos a\u00f1os de estar en el mercado brindando muy buenos resultados si se siguen las recomendaciones de uso.<\/p>\n<p><strong>\u00bfHay para gatos?<\/strong> R\/ tenemos uno espec\u00edfico para gato en el cual no tiene contiene menta ni t\u00e9 verde, es un sabor m\u00e1s neutro.<\/p>\n<p><strong>\u00bfEl producto es preventivo o elimina la placa y sarro?<\/strong> R\/ trabaja en ambas v\u00edas. Si actualmente la mascota se encuentra con placa y sarro, y si el producto se aplica correctamente, la elimina. O en el caso, por ejemplo, que le acaban de hacer una limpieza, entonces lo que hace es prevenir o prolongar la formaci\u00f3n de esta.<\/p>\n<p><strong>\u00bfC\u00f3mo se aplica?<\/strong> R\/ existen varias formas de aplicarlo. Puede ser directamente del envase, puede ser con el dedo. O bien, si la mascota est\u00e1 acostumbrada y lo permite, se pueden utilizar nuestros cepillos de dientes.<\/p>","protected":false},"excerpt":{"rendered":"<p>Ayuda a remover f\u00e1cilmente la placa y el sarro y evita su formaci\u00f3n. Formulado con ingredientes naturales \ud83c\udf3f como el T\u00e9 Verde, que permite mejorar la salud dental sin necesidad de cepillado. \u274c<\/p>","protected":false},"featured_media":11819,"comment_status":"open","ping_status":"closed","template":"","meta":{"content-type":""},"product_brand":[97],"product_cat":[43,15,56,55],"product_tag":[],"class_list":{"0":"post-9912","1":"product","2":"type-product","3":"status-publish","4":"has-post-thumbnail","6":"product_brand-tropiclean","7":"product_cat-perros","8":"product_cat-general","9":"product_cat-salud-y-bienestar-perros","10":"product_cat-salud-y-bienestar","12":"first","13":"instock","14":"taxable","15":"shipping-taxable","16":"purchasable","17":"product-type-simple"},"_links":{"self":[{"href":"https:\/\/groomluxuryvetcr.com\/en\/wp-json\/wp\/v2\/product\/9912","targetHints":{"allow":["GET"]}}],"collection":[{"href":"https:\/\/groomluxuryvetcr.com\/en\/wp-json\/wp\/v2\/product"}],"about":[{"href":"https:\/\/groomluxuryvetcr.com\/en\/wp-json\/wp\/v2\/types\/product"}],"replies":[{"embeddable":true,"href":"https:\/\/groomluxuryvetcr.com\/en\/wp-json\/wp\/v2\/comments?post=9912"}],"version-history":[{"count":3,"href":"https:\/\/groomluxuryvetcr.com\/en\/wp-json\/wp\/v2\/product\/9912\/revisions"}],"predecessor-version":[{"id":13196,"href":"https:\/\/groomluxuryvetcr.com\/en\/wp-json\/wp\/v2\/product\/9912\/revisions\/13196"}],"wp:featuredmedia":[{"embeddable":true,"href":"https:\/\/groomluxuryvetcr.com\/en\/wp-json\/wp\/v2\/media\/11819"}],"wp:attachment":[{"href":"https:\/\/groomluxuryvetcr.com\/en\/wp-json\/wp\/v2\/media?parent=9912"}],"wp:term":[{"taxonomy":"product_brand","embeddable":true,"href":"https:\/\/groomluxuryvetcr.com\/en\/wp-json\/wp\/v2\/product_brand?post=9912"},{"taxonomy":"product_cat","embeddable":true,"href":"https:\/\/groomluxuryvetcr.com\/en\/wp-json\/wp\/v2\/product_cat?post=9912"},{"taxonomy":"product_tag","embeddable":true,"href":"https:\/\/groomluxuryvetcr.com\/en\/wp-json\/wp\/v2\/product_tag?post=9912"}],"curies":[{"name":"wp","href":"https:\/\/api.w.org\/{rel}","templated":true}]}}